{"id":355,"date":"2026-02-19T14:51:46","date_gmt":"2026-02-19T13:51:46","guid":{"rendered":"https:\/\/sidecarmedia.tv\/?page_id=355"},"modified":"2026-04-30T12:47:34","modified_gmt":"2026-04-30T10:47:34","slug":"servicios","status":"publish","type":"page","link":"https:\/\/sidecarmedia.tv\/ca\/servicios\/","title":{"rendered":"Servicios"},"content":{"rendered":"\n<div class=\"wp-block-group alignfull anim-in has-tertiary-color has-foreground-background-color has-text-color has-background has-link-color wp-elements-2c83525bb614200cab050fa50feefd18 is-layout-constrained wp-block-group-is-layout-constrained\" id=\"servicios\" style=\"padding-top:var(--wp--preset--spacing--80);padding-bottom:var(--wp--preset--spacing--80)\">\n<h1 class=\"wp-block-heading\" style=\"text-transform:uppercase\">360\u00ba en producci\u00f3n y<br>creaci\u00f3n de contenidos.<\/h1>\n\n\n\n<div class=\"wp-block-group has-border-color is-layout-constrained wp-block-group-is-layout-constrained\" style=\"border-color:#ffffff;border-width:4px;border-top-left-radius:2rem;border-top-right-radius:2rem;border-bottom-left-radius:2rem;border-bottom-right-radius:2rem;box-shadow:var(--wp--preset--shadow--shadow-2)\">\n<figure class=\"wp-block-video long\"><video height=\"1080\" style=\"aspect-ratio: 1920 \/ 1080;\" width=\"1920\" autoplay loop muted src=\"https:\/\/sidecarmedia.tv\/wp-content\/uploads\/2026\/04\/TEASER-SIDECAR_1-1.webm\" playsinline><\/video><\/figure>\n<\/div>\n\n\n\n<div class=\"wp-block-group is-vertical is-layout-flex wp-container-core-group-is-layout-0ab67858 wp-block-group-is-layout-flex\" style=\"margin-top:0;margin-bottom:0;padding-top:10rem;padding-bottom:10rem\">\n<div class=\"wp-block-group anim-in has-border-color has-secondary-background-color has-background is-layout-constrained wp-block-group-is-layout-constrained\" style=\"border-color:#0f62fe;border-width:4px;border-top-left-radius:2rem;border-top-right-radius:2rem;border-bottom-left-radius:2rem;border-bottom-right-radius:2rem;box-shadow:var(--wp--preset--shadow--shadow-2)\">\n<div class=\"wp-block-columns is-layout-flex wp-container-core-columns-is-layout-28f84493 wp-block-columns-is-layout-flex\">\n<div class=\"wp-block-column is-vertically-aligned-top is-layout-flow wp-block-column-is-layout-flow\">\n<h2 class=\"wp-block-heading\">Creaci\u00f3n y desarrollo<\/h2>\n\n\n\n<p class=\"max45\">Creamos formatos que entretienen y conectan. Trabajamos desde la idea, hasta la biblia con creatividad, humor y sentido com\u00fan. Desarrollamos contenidos contempor\u00e1neos con una mirada femenina y un fuerte componente social.<\/p>\n<\/div>\n\n\n\n<div class=\"wp-block-column is-vertically-aligned-center is-layout-flow wp-block-column-is-layout-flow\">\n<div class=\"wp-block-group meme has-border-color is-layout-constrained wp-block-group-is-layout-constrained\" style=\"border-color:#ffffff;border-width:4px;border-top-left-radius:2rem;border-top-right-radius:2rem;border-bottom-left-radius:2rem;border-bottom-right-radius:2rem;box-shadow:var(--wp--preset--shadow--shadow-2)\">\n<figure class=\"wp-block-video\"><video height=\"1080\" style=\"aspect-ratio: 1920 \/ 1080;\" width=\"1920\" autoplay loop muted src=\"https:\/\/sidecarmedia.tv\/wp-content\/uploads\/2026\/04\/Servicios_4_1.webm\" playsinline><\/video><\/figure>\n<\/div>\n<\/div>\n<\/div>\n\n\n\n<div class=\"wp-block-buttons categ is-horizontal is-layout-flex wp-block-buttons-is-layout-flex\">\n<div class=\"wp-block-button\"><a class=\"wp-block-button__link has-background-color has-foreground-background-color has-text-color has-background has-link-color has-border-color has-foreground-border-color wp-element-button\" style=\"padding-top:var(--wp--preset--spacing--20);padding-right:var(--wp--preset--spacing--40);padding-bottom:var(--wp--preset--spacing--20);padding-left:var(--wp--preset--spacing--40);box-shadow:var(--wp--preset--shadow--shadow-2);text-transform:uppercase\">Desarrollo de formatos<\/a><\/div>\n\n\n\n<div class=\"wp-block-button\"><a class=\"wp-block-button__link has-background-color has-foreground-background-color has-text-color has-background has-link-color has-border-color has-foreground-border-color wp-element-button\" style=\"padding-top:var(--wp--preset--spacing--20);padding-right:var(--wp--preset--spacing--40);padding-bottom:var(--wp--preset--spacing--20);padding-left:var(--wp--preset--spacing--40);box-shadow:var(--wp--preset--shadow--shadow-2);text-transform:uppercase\">guion<\/a><\/div>\n\n\n\n<div class=\"wp-block-button\"><a class=\"wp-block-button__link has-background-color has-foreground-background-color has-text-color has-background has-link-color has-border-color has-foreground-border-color wp-element-button\" style=\"padding-top:var(--wp--preset--spacing--20);padding-right:var(--wp--preset--spacing--40);padding-bottom:var(--wp--preset--spacing--20);padding-left:var(--wp--preset--spacing--40);box-shadow:var(--wp--preset--shadow--shadow-2);text-transform:uppercase\">biblia<\/a><\/div>\n\n\n\n<div class=\"wp-block-button\"><a class=\"wp-block-button__link has-background-color has-foreground-background-color has-text-color has-background has-link-color has-border-color has-foreground-border-color wp-element-button\" style=\"padding-top:var(--wp--preset--spacing--20);padding-right:var(--wp--preset--spacing--40);padding-bottom:var(--wp--preset--spacing--20);padding-left:var(--wp--preset--spacing--40);box-shadow:var(--wp--preset--shadow--shadow-2);text-transform:uppercase\">asesor\u00eda de contenidos<\/a><\/div>\n<\/div>\n<\/div>\n\n\n\n<div class=\"wp-block-group anim-in has-border-color has-secondary-background-color has-background is-layout-constrained wp-block-group-is-layout-constrained\" style=\"border-color:#0f62fe;border-width:4px;border-top-left-radius:2rem;border-top-right-radius:2rem;border-bottom-left-radius:2rem;border-bottom-right-radius:2rem;box-shadow:var(--wp--preset--shadow--shadow-2)\">\n<div class=\"wp-block-columns is-layout-flex wp-container-core-columns-is-layout-28f84493 wp-block-columns-is-layout-flex\">\n<div class=\"wp-block-column is-vertically-aligned-top is-layout-flow wp-block-column-is-layout-flow\">\n<h2 class=\"wp-block-heading\">Producci\u00f3n<\/h2>\n\n\n\n<p class=\"max45\">\u00bfDe qu\u00e9 sirve tener una buena idea, si no se puede hacer realidad? En Sidecar Media hacemos que cada proyecto sea viable aprovechando al m\u00e1ximo los recursos. Nos encargamos de todo: desde la planificaci\u00f3n econ\u00f3mica, la realizaci\u00f3n, la coordinaci\u00f3n de equipos, hasta el set de rodaje y la posproducci\u00f3n.&nbsp; Que todo funcione \u2013y sin dramas- tambi\u00e9n es parte de nuestra magia.<\/p>\n<\/div>\n\n\n\n<div class=\"wp-block-column is-vertically-aligned-center is-layout-flow wp-block-column-is-layout-flow\">\n<div class=\"wp-block-group meme has-border-color is-layout-constrained wp-block-group-is-layout-constrained\" style=\"border-color:#ffffff;border-width:4px;border-top-left-radius:2rem;border-top-right-radius:2rem;border-bottom-left-radius:2rem;border-bottom-right-radius:2rem;box-shadow:var(--wp--preset--shadow--shadow-2)\">\n<figure class=\"wp-block-video\"><video height=\"1080\" style=\"aspect-ratio: 1920 \/ 1080;\" width=\"1920\" autoplay loop muted src=\"https:\/\/sidecarmedia.tv\/wp-content\/uploads\/2026\/04\/Servicios_7_1.webm\" playsinline><\/video><\/figure>\n<\/div>\n<\/div>\n<\/div>\n\n\n\n<div class=\"wp-block-buttons categ is-horizontal is-layout-flex wp-block-buttons-is-layout-flex\">\n<div class=\"wp-block-button\"><a class=\"wp-block-button__link has-background-color has-foreground-background-color has-text-color has-background has-link-color has-border-color has-foreground-border-color wp-element-button\" style=\"padding-top:var(--wp--preset--spacing--20);padding-right:var(--wp--preset--spacing--40);padding-bottom:var(--wp--preset--spacing--20);padding-left:var(--wp--preset--spacing--40);box-shadow:var(--wp--preset--shadow--shadow-2);text-transform:uppercase\">coproducciones<\/a><\/div>\n\n\n\n<div class=\"wp-block-button\"><a class=\"wp-block-button__link has-background-color has-foreground-background-color has-text-color has-background has-link-color has-border-color has-foreground-border-color wp-element-button\" style=\"padding-top:var(--wp--preset--spacing--20);padding-right:var(--wp--preset--spacing--40);padding-bottom:var(--wp--preset--spacing--20);padding-left:var(--wp--preset--spacing--40);box-shadow:var(--wp--preset--shadow--shadow-2);text-transform:uppercase\">casting<\/a><\/div>\n\n\n\n<div class=\"wp-block-button\"><a class=\"wp-block-button__link has-background-color has-foreground-background-color has-text-color has-background has-link-color has-border-color has-foreground-border-color wp-element-button\" style=\"padding-top:var(--wp--preset--spacing--20);padding-right:var(--wp--preset--spacing--40);padding-bottom:var(--wp--preset--spacing--20);padding-left:var(--wp--preset--spacing--40);box-shadow:var(--wp--preset--shadow--shadow-2);text-transform:uppercase\">rodajes<\/a><\/div>\n\n\n\n<div class=\"wp-block-button\"><a class=\"wp-block-button__link has-background-color has-foreground-background-color has-text-color has-background has-link-color has-border-color has-foreground-border-color wp-element-button\" style=\"padding-top:var(--wp--preset--spacing--20);padding-right:var(--wp--preset--spacing--40);padding-bottom:var(--wp--preset--spacing--20);padding-left:var(--wp--preset--spacing--40);box-shadow:var(--wp--preset--shadow--shadow-2);text-transform:uppercase\">planificaci\u00f3n<\/a><\/div>\n\n\n\n<div class=\"wp-block-button\"><a class=\"wp-block-button__link has-background-color has-foreground-background-color has-text-color has-background has-link-color has-border-color has-foreground-border-color wp-element-button\" style=\"padding-top:var(--wp--preset--spacing--20);padding-right:var(--wp--preset--spacing--40);padding-bottom:var(--wp--preset--spacing--20);padding-left:var(--wp--preset--spacing--40);box-shadow:var(--wp--preset--shadow--shadow-2);text-transform:uppercase\">posproducci\u00f3n<\/a><\/div>\n<\/div>\n<\/div>\n\n\n\n<div class=\"wp-block-group anim-in has-border-color has-secondary-background-color has-background is-layout-constrained wp-block-group-is-layout-constrained\" style=\"border-color:#0f62fe;border-width:4px;border-top-left-radius:2rem;border-top-right-radius:2rem;border-bottom-left-radius:2rem;border-bottom-right-radius:2rem;box-shadow:var(--wp--preset--shadow--shadow-2)\">\n<div class=\"wp-block-columns is-layout-flex wp-container-core-columns-is-layout-28f84493 wp-block-columns-is-layout-flex\">\n<div class=\"wp-block-column is-vertically-aligned-top is-layout-flow wp-block-column-is-layout-flow\">\n<h2 class=\"wp-block-heading\">Marcas y eventos<\/h2>\n\n\n\n<p class=\"max45\">Venimos del entretenimiento y eso tambi\u00e9n se nota fuera de las pantallas.&nbsp; Colaboramos con marcas y producimos eventos que buscan conectar con la gente y dejar huella. Cuidamos cada detalle de principio a fin. Sin postureos, queremos que las cosas sean de verdad.&nbsp;<\/p>\n<\/div>\n\n\n\n<div class=\"wp-block-column is-vertically-aligned-center is-layout-flow wp-block-column-is-layout-flow\">\n<div class=\"wp-block-group meme has-border-color is-layout-constrained wp-block-group-is-layout-constrained\" style=\"border-color:#ffffff;border-width:4px;border-top-left-radius:2rem;border-top-right-radius:2rem;border-bottom-left-radius:2rem;border-bottom-right-radius:2rem;box-shadow:var(--wp--preset--shadow--shadow-2)\">\n<figure class=\"wp-block-video\"><video height=\"1080\" style=\"aspect-ratio: 1920 \/ 1080;\" width=\"1920\" autoplay loop muted src=\"https:\/\/sidecarmedia.tv\/wp-content\/uploads\/2026\/04\/Servicios_6_1.webm\" playsinline><\/video><\/figure>\n<\/div>\n<\/div>\n<\/div>\n\n\n\n<div class=\"wp-block-buttons categ is-horizontal is-layout-flex wp-block-buttons-is-layout-flex\">\n<div class=\"wp-block-button\"><a class=\"wp-block-button__link has-background-color has-foreground-background-color has-text-color has-background has-link-color has-border-color has-foreground-border-color wp-element-button\" style=\"padding-top:var(--wp--preset--spacing--20);padding-right:var(--wp--preset--spacing--40);padding-bottom:var(--wp--preset--spacing--20);padding-left:var(--wp--preset--spacing--40);box-shadow:var(--wp--preset--shadow--shadow-2);text-transform:uppercase\">galas<\/a><\/div>\n\n\n\n<div class=\"wp-block-button\"><a class=\"wp-block-button__link has-background-color has-foreground-background-color has-text-color has-background has-link-color has-border-color has-foreground-border-color wp-element-button\" style=\"padding-top:var(--wp--preset--spacing--20);padding-right:var(--wp--preset--spacing--40);padding-bottom:var(--wp--preset--spacing--20);padding-left:var(--wp--preset--spacing--40);box-shadow:var(--wp--preset--shadow--shadow-2);text-transform:uppercase\">presentaciones de marca<\/a><\/div>\n\n\n\n<div class=\"wp-block-button\"><a class=\"wp-block-button__link has-background-color has-foreground-background-color has-text-color has-background has-link-color has-border-color has-foreground-border-color wp-element-button\" style=\"padding-top:var(--wp--preset--spacing--20);padding-right:var(--wp--preset--spacing--40);padding-bottom:var(--wp--preset--spacing--20);padding-left:var(--wp--preset--spacing--40);box-shadow:var(--wp--preset--shadow--shadow-2);text-transform:uppercase\">eventos corporativos<\/a><\/div>\n\n\n\n<div class=\"wp-block-button\"><a class=\"wp-block-button__link has-background-color has-foreground-background-color has-text-color has-background has-link-color has-border-color has-foreground-border-color wp-element-button\" style=\"padding-top:var(--wp--preset--spacing--20);padding-right:var(--wp--preset--spacing--40);padding-bottom:var(--wp--preset--spacing--20);padding-left:var(--wp--preset--spacing--40);box-shadow:var(--wp--preset--shadow--shadow-2);text-transform:uppercase\">entregas de premios<\/a><\/div>\n\n\n\n<div class=\"wp-block-button\"><a class=\"wp-block-button__link has-background-color has-foreground-background-color has-text-color has-background has-link-color has-border-color has-foreground-border-color wp-element-button\" style=\"padding-top:var(--wp--preset--spacing--20);padding-right:var(--wp--preset--spacing--40);padding-bottom:var(--wp--preset--spacing--20);padding-left:var(--wp--preset--spacing--40);box-shadow:var(--wp--preset--shadow--shadow-2);text-transform:uppercase\">publicidad<\/a><\/div>\n\n\n\n<div class=\"wp-block-button\"><a class=\"wp-block-button__link has-background-color has-foreground-background-color has-text-color has-background has-link-color has-border-color has-foreground-border-color wp-element-button\" style=\"padding-top:var(--wp--preset--spacing--20);padding-right:var(--wp--preset--spacing--40);padding-bottom:var(--wp--preset--spacing--20);padding-left:var(--wp--preset--spacing--40);box-shadow:var(--wp--preset--shadow--shadow-2);text-transform:uppercase\">conferencias<\/a><\/div>\n<\/div>\n<\/div>\n<\/div>\n<\/div>\n","protected":false},"excerpt":{"rendered":"<p>360\u00ba en producci\u00f3n ycreaci\u00f3n de contenidos. Creaci\u00f3n y desarrollo Creamos formatos que entretienen y conectan. Trabajamos desde la idea, hasta la biblia con creatividad, humor y sentido com\u00fan. Desarrollamos contenidos contempor\u00e1neos con una mirada femenina y un fuerte componente social. Producci\u00f3n \u00bfDe qu\u00e9 sirve tener una buena idea, si no se puede hacer realidad? En [&hellip;]<\/p>\n","protected":false},"author":1,"featured_media":0,"parent":0,"menu_order":3,"comment_status":"closed","ping_status":"closed","template":"","meta":{"footnotes":""},"class_list":["post-355","page","type-page","status-publish","hentry"],"yoast_head":"<!-- This site is optimized with the Yoast SEO plugin v27.5 - https:\/\/yoast.com\/product\/yoast-seo-wordpress\/ -->\n<title>Servicios<\/title>\n<meta name=\"robots\" content=\"index, follow, max-snippet:-1, max-image-preview:large, max-video-preview:-1\" \/>\n<link rel=\"canonical\" href=\"https:\/\/sidecarmedia.tv\/ca\/servicios\/\" \/>\n<meta property=\"og:locale\" content=\"ca_ES\" \/>\n<meta property=\"og:locale:alternate\" content=\"es_ES\" \/>\n<meta property=\"og:locale:alternate\" content=\"en_US\" \/>\n<meta property=\"og:type\" content=\"article\" \/>\n<meta property=\"og:title\" content=\"Servicios\" \/>\n<meta property=\"og:description\" content=\"360\u00ba en producci\u00f3n ycreaci\u00f3n de contenidos. Creaci\u00f3n y desarrollo Creamos formatos que entretienen y conectan. Trabajamos desde la idea, hasta la biblia con creatividad, humor y sentido com\u00fan. Desarrollamos contenidos contempor\u00e1neos con una mirada femenina y un fuerte componente social. Producci\u00f3n \u00bfDe qu\u00e9 sirve tener una buena idea, si no se puede hacer realidad? En [&hellip;]\" \/>\n<meta property=\"og:url\" content=\"https:\/\/sidecarmedia.tv\/ca\/servicios\/\" \/>\n<meta property=\"og:site_name\" content=\"Sidecar\" \/>\n<meta property=\"article:modified_time\" content=\"2026-04-30T10:47:34+00:00\" \/>\n<meta name=\"twitter:card\" content=\"summary_large_image\" \/>\n<meta name=\"twitter:label1\" content=\"Temps estimat de lectura\" \/>\n\t<meta name=\"twitter:data1\" content=\"1 minut\" \/>\n<script type=\"application\/ld+json\" class=\"yoast-schema-graph\">{\"@context\":\"https:\\\/\\\/schema.org\",\"@graph\":[{\"@type\":\"WebPage\",\"@id\":\"https:\\\/\\\/sidecarmedia.tv\\\/servicios\\\/\",\"url\":\"https:\\\/\\\/sidecarmedia.tv\\\/servicios\\\/\",\"name\":\"Servicios\",\"isPartOf\":{\"@id\":\"https:\\\/\\\/sidecarmedia.tv\\\/#website\"},\"datePublished\":\"2026-02-19T13:51:46+00:00\",\"dateModified\":\"2026-04-30T10:47:34+00:00\",\"breadcrumb\":{\"@id\":\"https:\\\/\\\/sidecarmedia.tv\\\/servicios\\\/#breadcrumb\"},\"inLanguage\":\"ca\",\"potentialAction\":[{\"@type\":\"ReadAction\",\"target\":[\"https:\\\/\\\/sidecarmedia.tv\\\/servicios\\\/\"]}]},{\"@type\":\"BreadcrumbList\",\"@id\":\"https:\\\/\\\/sidecarmedia.tv\\\/servicios\\\/#breadcrumb\",\"itemListElement\":[{\"@type\":\"ListItem\",\"position\":1,\"name\":\"Portada\",\"item\":\"https:\\\/\\\/sidecarmedia.tv\\\/\"},{\"@type\":\"ListItem\",\"position\":2,\"name\":\"Servicios\"}]},{\"@type\":\"WebSite\",\"@id\":\"https:\\\/\\\/sidecarmedia.tv\\\/#website\",\"url\":\"https:\\\/\\\/sidecarmedia.tv\\\/\",\"name\":\"Sidecar\",\"description\":\"PRODUCTORA AUDIOVISUAL\",\"publisher\":{\"@id\":\"https:\\\/\\\/sidecarmedia.tv\\\/#organization\"},\"potentialAction\":[{\"@type\":\"SearchAction\",\"target\":{\"@type\":\"EntryPoint\",\"urlTemplate\":\"https:\\\/\\\/sidecarmedia.tv\\\/?s={search_term_string}\"},\"query-input\":{\"@type\":\"PropertyValueSpecification\",\"valueRequired\":true,\"valueName\":\"search_term_string\"}}],\"inLanguage\":\"ca\"},{\"@type\":\"Organization\",\"@id\":\"https:\\\/\\\/sidecarmedia.tv\\\/#organization\",\"name\":\"Sidecar\",\"url\":\"https:\\\/\\\/sidecarmedia.tv\\\/\",\"logo\":{\"@type\":\"ImageObject\",\"inLanguage\":\"ca\",\"@id\":\"https:\\\/\\\/sidecarmedia.tv\\\/#\\\/schema\\\/logo\\\/image\\\/\",\"url\":\"https:\\\/\\\/sidecarmedia.tv\\\/wp-content\\\/uploads\\\/2026\\\/02\\\/logo.svg\",\"contentUrl\":\"https:\\\/\\\/sidecarmedia.tv\\\/wp-content\\\/uploads\\\/2026\\\/02\\\/logo.svg\",\"width\":103,\"height\":47,\"caption\":\"Sidecar\"},\"image\":{\"@id\":\"https:\\\/\\\/sidecarmedia.tv\\\/#\\\/schema\\\/logo\\\/image\\\/\"},\"sameAs\":[\"https:\\\/\\\/www.instagram.com\\\/sidecarmediatv\\\/\"]}]}<\/script>\n<!-- \/ Yoast SEO plugin. -->","yoast_head_json":{"title":"Servicios","robots":{"index":"index","follow":"follow","max-snippet":"max-snippet:-1","max-image-preview":"max-image-preview:large","max-video-preview":"max-video-preview:-1"},"canonical":"https:\/\/sidecarmedia.tv\/ca\/servicios\/","og_locale":"ca_ES","og_type":"article","og_title":"[:es]Servicios[:] - Sidecar","og_description":"360\u00ba en producci\u00f3n ycreaci\u00f3n de contenidos. Creaci\u00f3n y desarrollo Creamos formatos que entretienen y conectan. Trabajamos desde la idea, hasta la biblia con creatividad, humor y sentido com\u00fan. Desarrollamos contenidos contempor\u00e1neos con una mirada femenina y un fuerte componente social. Producci\u00f3n \u00bfDe qu\u00e9 sirve tener una buena idea, si no se puede hacer realidad? En [&hellip;]","og_url":"https:\/\/sidecarmedia.tv\/ca\/servicios\/","og_site_name":"Sidecar","article_modified_time":"2026-04-30T10:47:34+00:00","twitter_card":"summary_large_image","twitter_misc":{"Temps estimat de lectura":"1 minut"},"schema":{"@context":"https:\/\/schema.org","@graph":[{"@type":"WebPage","@id":"https:\/\/sidecarmedia.tv\/servicios\/","url":"https:\/\/sidecarmedia.tv\/servicios\/","name":"Servicios","isPartOf":{"@id":"https:\/\/sidecarmedia.tv\/#website"},"datePublished":"2026-02-19T13:51:46+00:00","dateModified":"2026-04-30T10:47:34+00:00","breadcrumb":{"@id":"https:\/\/sidecarmedia.tv\/servicios\/#breadcrumb"},"inLanguage":"ca","potentialAction":[{"@type":"ReadAction","target":["https:\/\/sidecarmedia.tv\/servicios\/"]}]},{"@type":"BreadcrumbList","@id":"https:\/\/sidecarmedia.tv\/servicios\/#breadcrumb","itemListElement":[{"@type":"ListItem","position":1,"name":"Portada","item":"https:\/\/sidecarmedia.tv\/"},{"@type":"ListItem","position":2,"name":"Servicios"}]},{"@type":"WebSite","@id":"https:\/\/sidecarmedia.tv\/#website","url":"https:\/\/sidecarmedia.tv\/","name":"Sidecar","description":"PRODUCTORA AUDIOVISUAL","publisher":{"@id":"https:\/\/sidecarmedia.tv\/#organization"},"potentialAction":[{"@type":"SearchAction","target":{"@type":"EntryPoint","urlTemplate":"https:\/\/sidecarmedia.tv\/?s={search_term_string}"},"query-input":{"@type":"PropertyValueSpecification","valueRequired":true,"valueName":"search_term_string"}}],"inLanguage":"ca"},{"@type":"Organization","@id":"https:\/\/sidecarmedia.tv\/#organization","name":"Sidecar","url":"https:\/\/sidecarmedia.tv\/","logo":{"@type":"ImageObject","inLanguage":"ca","@id":"https:\/\/sidecarmedia.tv\/#\/schema\/logo\/image\/","url":"https:\/\/sidecarmedia.tv\/wp-content\/uploads\/2026\/02\/logo.svg","contentUrl":"https:\/\/sidecarmedia.tv\/wp-content\/uploads\/2026\/02\/logo.svg","width":103,"height":47,"caption":"Sidecar"},"image":{"@id":"https:\/\/sidecarmedia.tv\/#\/schema\/logo\/image\/"},"sameAs":["https:\/\/www.instagram.com\/sidecarmediatv\/"]}]}},"_links":{"self":[{"href":"https:\/\/sidecarmedia.tv\/ca\/wp-json\/wp\/v2\/pages\/355","targetHints":{"allow":["GET"]}}],"collection":[{"href":"https:\/\/sidecarmedia.tv\/ca\/wp-json\/wp\/v2\/pages"}],"about":[{"href":"https:\/\/sidecarmedia.tv\/ca\/wp-json\/wp\/v2\/types\/page"}],"author":[{"embeddable":true,"href":"https:\/\/sidecarmedia.tv\/ca\/wp-json\/wp\/v2\/users\/1"}],"replies":[{"embeddable":true,"href":"https:\/\/sidecarmedia.tv\/ca\/wp-json\/wp\/v2\/comments?post=355"}],"version-history":[{"count":17,"href":"https:\/\/sidecarmedia.tv\/ca\/wp-json\/wp\/v2\/pages\/355\/revisions"}],"predecessor-version":[{"id":1447,"href":"https:\/\/sidecarmedia.tv\/ca\/wp-json\/wp\/v2\/pages\/355\/revisions\/1447"}],"wp:attachment":[{"href":"https:\/\/sidecarmedia.tv\/ca\/wp-json\/wp\/v2\/media?parent=355"}],"curies":[{"name":"wp","href":"https:\/\/api.w.org\/{rel}","templated":true}]}}